{"id":11138,"date":"2023-04-06T09:43:41","date_gmt":"2023-04-06T09:43:41","guid":{"rendered":"https:\/\/www.bomsolutions.ch\/3d-animation-interaktiv\/"},"modified":"2024-08-13T10:13:03","modified_gmt":"2024-08-13T10:13:03","slug":"3d-animation-interaktiv","status":"publish","type":"page","link":"https:\/\/www.bomsolutions.ch\/de\/3d-animation-interaktiv\/","title":{"rendered":"3D-Animation \/ Interaktiv"},"content":{"rendered":"<div class=\"no-wrapper\"><div id=\"first-page-cover\" class=\"column-section clearfix spaced-normal first-page-cover no-anim\"><div  class=\"column one-full last-col  no-anim\" ><a href=\"\" target=\"_self\" class=\"thumb-hover scale  imagebutton\">\n\t\t\t<img decoding=\"async\" src=\"https:\/\/cdn.bomsolutions.ch\/\/2023\/04\/v2-3d.png\" alt=\"\">\n\t\t\t\n\t\t\t<div class=\"overlay-caption bottom align-left caption-light\">\n\t\t\t\t<div class=\"caption-name h1\"><span><\/span><\/div>\n\t\t\t<\/div><\/a>\n<div class=\"d\">\n<h1 class=\"text11\">3D ANIMATION \/ INTERAKTIV<\/h1>\n<h3 class=\"text22\">Entwerfen f\u00fcr die Zukunft<\/h3>\n<\/div>\n<\/div><\/div><\/div><div class=\"spacer spacer-big \"><\/div><div class=\"wrapper\"><div id=\"\" class=\"column-section clearfix spaced-normal  no-anim\"><div  class=\"column one-fourth   no-anim\" >\n<h5 class=\"title-alt align-auto \"><strong>\u00dcber 3D-Design und Animation<\/strong><\/h5>\n<\/div><div  class=\"column three-fourth last-col  no-anim\" >  Bom Solutions ist ein Unternehmen, das sich auf 3D-Design und -Animation spezialisiert hat und Unternehmen und Privatpersonen eine breite Palette von Dienstleistungen anbietet.<br \/>\nMit Hilfe modernster Software und neuester Technologie erstellt Bom Solutions beeindruckende visuelle Darstellungen von Produkten, Geb\u00e4uden und Umgebungen, die den Kunden helfen, ihre Ideen zum Leben zu erwecken.<br \/>\nEine der Hauptst\u00e4rken von Bom Solutions ist die F\u00e4higkeit, genaue 3D-Modelle von Produkten und Prototypen zu erstellen.<br \/>\nDies kann besonders f\u00fcr Unternehmen in der Fertigungs- oder Ingenieurbranche von gro\u00dfem Wert sein, da sie so ihre Entw\u00fcrfe testen und verfeinern k\u00f6nnen, bevor sie sich auf teure physische Prototypen festlegen.<br \/>\nMit Hilfe von Bom Solutions k\u00f6nnen Kunden sehen, wie ihre Produkte in der realen Welt aussehen und funktionieren werden, ohne dass teure und zeitaufw\u00e4ndige Versuche erforderlich sind.<br \/>\nNeben dem Produktdesign ist Bom Solutions auch in der Lage, 3D-Animationen und Visualisierungen zu erstellen.<br \/>\nGanz gleich, ob es sich um ein Marketingvideo, eine Erkl\u00e4rungsanimation oder einen virtuellen Rundgang durch ein Geb\u00e4ude oder eine Umgebung handelt, Bom Solutions kann Ihre Ideen in atemberaubenden Details zum Leben erwecken.<br \/>\nDie erfahrenen Animatoren von Bom Solutions k\u00f6nnen realistische Simulationen von Physik, Beleuchtung und Materialien erstellen, die nicht nur sch\u00f6n, sondern auch \u00e4u\u00dferst pr\u00e4zise sind.<br \/>\nInsgesamt bietet Bom Solutions ein umfassendes Angebot an 3D-Design- und Animationsdiensten, die Unternehmen und Privatpersonen dabei helfen k\u00f6nnen, ihre Ziele in einer Vielzahl von Branchen zu erreichen.<br \/>\nGanz gleich, ob Sie Hilfe bei der Visualisierung eines neuen Produkts, bei der Erstellung einer beeindruckenden Marketingkampagne oder einfach bei der Umsetzung Ihrer kreativen Ideen ben\u00f6tigen, Bom Solutions ist der perfekte Partner, um Ihre Visionen zu verwirklichen.           <\/div><\/div><\/div><div class=\"spacer spacer-big \"><\/div><div class=\"wrapper\"><div id=\"\" class=\"column-section clearfix spaced-normal  no-anim\"><div  class=\"column one-fourth   no-anim\" >\n<h5 class=\"title-alt align-auto \"><strong>Dienstleistungen<\/strong><\/h5>\n<\/div><div  class=\"column one-fourth   no-anim\" >\n<ul class=\"nolist biglist\">\n<li>3D Entwurf<\/li>\n<li>Visuelles Design<\/li>\n<li>Laser-Scannen<\/li>\n<\/ul>\n<\/div><div  class=\"column one-fourth   no-anim\" >\n<ul class=\"nolist biglist\">\n<li>3D-Animation<\/li>\n<li>Interaktiv 3D<\/li>\n<\/ul>\n<\/div><div  class=\"column one-fourth last-col  no-anim\" >\n<ul class=\"nolist biglist\">\n<li>Benutzererfahrung<\/li>\n<li>Photogrammetrie<\/li>\n<\/ul>\n<\/div><\/div><\/div><div class=\"spacer spacer-big \"><\/div><div class=\"spacer spacer-big \"><\/div><div class=\"wrapper-small\"><div id=\"\" class=\"column-section clearfix spaced-normal  no-anim\"><div  class=\"column one-full last-col  no-anim\" >\n<h3 style=\"text-align: center;\">3D-Design und -Animation bieten ein einzigartiges und fesselndes Erlebnis.<br \/>\nSie haben die M\u00f6glichkeit, mit der digitalen Welt genauso zu interagieren wie mit der realen Welt. <\/h3>\n<div class=\"spacer spacer-medium \"><\/div>\n<h4 class=\"title-alt align-center \">Wir sind stolz darauf, mit gro\u00dfartigen Marken zusammenzuarbeiten.<\/h4>\n<\/div><\/div><\/div><div class=\"spacer spacer-medium \"><\/div><div class=\"wrapper\"><div id=\"\" class=\"column-section clearfix spaced-normal companies no-anim\"><div  class=\"column one-fourth   no-anim\" ><div class=\"owl-slider nav-light\" data-nav=\"0\" data-dots=\"0\" data-loop=\"0\" data-autoplay=\"0\"><div><img decoding=\"async\" src=\"https:\/\/cdn.bomsolutions.ch\/\/2022\/07\/logo-2.png\" srcset=\"https:\/\/cdn.bomsolutions.ch\/\/2022\/07\/logo-2.png 200w,https:\/\/cdn.bomsolutions.ch\/\/2022\/07\/logo-2.png 200w,https:\/\/cdn.bomsolutions.ch\/\/2022\/07\/logo-2.png 200w,https:\/\/cdn.bomsolutions.ch\/\/2022\/07\/logo-2.png 200w\" sizes=\"(max-width: 200px) 100vw, 200px\" width=\"200\" height=\"80\" alt=\"logo-2\" \/><\/div><\/div><div class=\"owl-slider nav-light\" data-nav=\"0\" data-dots=\"0\" data-loop=\"0\" data-autoplay=\"0\"><div><img decoding=\"async\" src=\"https:\/\/cdn.bomsolutions.ch\/\/2023\/04\/vita-1.png\" srcset=\"https:\/\/cdn.bomsolutions.ch\/\/2023\/04\/vita-1.png 200w,https:\/\/cdn.bomsolutions.ch\/\/2023\/04\/vita-1.png 200w,https:\/\/cdn.bomsolutions.ch\/\/2023\/04\/vita-1.png 200w,https:\/\/cdn.bomsolutions.ch\/\/2023\/04\/vita-1.png 200w\" sizes=\"(max-width: 200px) 100vw, 200px\" width=\"200\" height=\"80\" alt=\"vita (1)\" \/><\/div><\/div><div class=\"owl-slider nav-light\" data-nav=\"0\" data-dots=\"0\" data-loop=\"0\" data-autoplay=\"0\"><div><img decoding=\"async\" src=\"https:\/\/cdn.bomsolutions.ch\/\/2023\/05\/alcon-1.png\" srcset=\"https:\/\/cdn.bomsolutions.ch\/\/2023\/05\/alcon-1.png 200w,https:\/\/cdn.bomsolutions.ch\/\/2023\/05\/alcon-1.png 200w,https:\/\/cdn.bomsolutions.ch\/\/2023\/05\/alcon-1.png 200w,https:\/\/cdn.bomsolutions.ch\/\/2023\/05\/alcon-1.png 200w\" sizes=\"(max-width: 200px) 100vw, 200px\" width=\"200\" height=\"80\" alt=\"alcon (1)\" \/><\/div><\/div><div class=\"owl-slider nav-light\" data-nav=\"0\" data-dots=\"0\" data-loop=\"0\" data-autoplay=\"0\"><div><img decoding=\"async\" src=\"https:\/\/cdn.bomsolutions.ch\/\/2023\/04\/delta-acque.png\" srcset=\"https:\/\/cdn.bomsolutions.ch\/\/2023\/04\/delta-acque.png 200w,https:\/\/cdn.bomsolutions.ch\/\/2023\/04\/delta-acque.png 200w,https:\/\/cdn.bomsolutions.ch\/\/2023\/04\/delta-acque.png 200w,https:\/\/cdn.bomsolutions.ch\/\/2023\/04\/delta-acque.png 200w\" sizes=\"(max-width: 200px) 100vw, 200px\" width=\"200\" height=\"80\" alt=\"delta acque\" \/><\/div><\/div><\/div><div  class=\"column one-fourth   no-anim\" ><div class=\"owl-slider nav-light\" data-nav=\"0\" data-dots=\"0\" data-loop=\"0\" data-autoplay=\"0\"><div><img decoding=\"async\" src=\"https:\/\/cdn.bomsolutions.ch\/\/2023\/04\/daum-1.png\" srcset=\"https:\/\/cdn.bomsolutions.ch\/\/2023\/04\/daum-1.png 200w,https:\/\/cdn.bomsolutions.ch\/\/2023\/04\/daum-1.png 200w,https:\/\/cdn.bomsolutions.ch\/\/2023\/04\/daum-1.png 200w,https:\/\/cdn.bomsolutions.ch\/\/2023\/04\/daum-1.png 200w\" sizes=\"(max-width: 200px) 100vw, 200px\" width=\"200\" height=\"80\" alt=\"daum (1)\" \/><\/div><\/div><div class=\"owl-slider nav-light\" data-nav=\"0\" data-dots=\"0\" data-loop=\"0\" data-autoplay=\"0\"><div><img decoding=\"async\" src=\"https:\/\/cdn.bomsolutions.ch\/\/2023\/04\/ubs.png\" srcset=\"https:\/\/cdn.bomsolutions.ch\/\/2023\/04\/ubs.png 200w,https:\/\/cdn.bomsolutions.ch\/\/2023\/04\/ubs.png 200w,https:\/\/cdn.bomsolutions.ch\/\/2023\/04\/ubs.png 200w,https:\/\/cdn.bomsolutions.ch\/\/2023\/04\/ubs.png 200w\" sizes=\"(max-width: 200px) 100vw, 200px\" width=\"200\" height=\"80\" alt=\"ubs\" \/><\/div><\/div><div class=\"owl-slider nav-light\" data-nav=\"0\" data-dots=\"0\" data-loop=\"0\" data-autoplay=\"0\"><div><img decoding=\"async\" src=\"https:\/\/cdn.bomsolutions.ch\/\/2023\/04\/fort-de-chillon-1.png\" srcset=\"https:\/\/cdn.bomsolutions.ch\/\/2023\/04\/fort-de-chillon-1.png 200w,https:\/\/cdn.bomsolutions.ch\/\/2023\/04\/fort-de-chillon-1.png 200w,https:\/\/cdn.bomsolutions.ch\/\/2023\/04\/fort-de-chillon-1.png 200w,https:\/\/cdn.bomsolutions.ch\/\/2023\/04\/fort-de-chillon-1.png 200w\" sizes=\"(max-width: 200px) 100vw, 200px\" width=\"200\" height=\"80\" alt=\"fort de chillon (1)\" \/><\/div><\/div><div class=\"owl-slider nav-light\" data-nav=\"0\" data-dots=\"0\" data-loop=\"0\" data-autoplay=\"0\"><div><img decoding=\"async\" src=\"https:\/\/cdn.bomsolutions.ch\/\/2023\/04\/it-engine.png\" srcset=\"https:\/\/cdn.bomsolutions.ch\/\/2023\/04\/it-engine.png 200w,https:\/\/cdn.bomsolutions.ch\/\/2023\/04\/it-engine.png 200w,https:\/\/cdn.bomsolutions.ch\/\/2023\/04\/it-engine.png 200w,https:\/\/cdn.bomsolutions.ch\/\/2023\/04\/it-engine.png 200w\" sizes=\"(max-width: 200px) 100vw, 200px\" width=\"200\" height=\"80\" alt=\"it engine\" \/><\/div><\/div><\/div><div  class=\"column one-fourth   no-anim\" ><div class=\"owl-slider nav-light\" data-nav=\"0\" data-dots=\"0\" data-loop=\"0\" data-autoplay=\"0\"><div><img decoding=\"async\" src=\"https:\/\/cdn.bomsolutions.ch\/\/2023\/04\/inside360-1.png\" srcset=\"https:\/\/cdn.bomsolutions.ch\/\/2023\/04\/inside360-1.png 200w,https:\/\/cdn.bomsolutions.ch\/\/2023\/04\/inside360-1.png 200w,https:\/\/cdn.bomsolutions.ch\/\/2023\/04\/inside360-1.png 200w,https:\/\/cdn.bomsolutions.ch\/\/2023\/04\/inside360-1.png 200w\" sizes=\"(max-width: 200px) 100vw, 200px\" width=\"200\" height=\"80\" alt=\"inside360 (1)\" \/><\/div><\/div><div class=\"owl-slider nav-light\" data-nav=\"0\" data-dots=\"0\" data-loop=\"0\" data-autoplay=\"0\"><div><img decoding=\"async\" src=\"https:\/\/cdn.bomsolutions.ch\/\/2022\/07\/logo-3.png\" srcset=\"https:\/\/cdn.bomsolutions.ch\/\/2022\/07\/logo-3.png 200w,https:\/\/cdn.bomsolutions.ch\/\/2022\/07\/logo-3.png 200w,https:\/\/cdn.bomsolutions.ch\/\/2022\/07\/logo-3.png 200w,https:\/\/cdn.bomsolutions.ch\/\/2022\/07\/logo-3.png 200w\" sizes=\"(max-width: 200px) 100vw, 200px\" width=\"200\" height=\"80\" alt=\"logo-3\" \/><\/div><\/div><div class=\"owl-slider nav-light\" data-nav=\"0\" data-dots=\"0\" data-loop=\"0\" data-autoplay=\"0\"><div><img decoding=\"async\" src=\"https:\/\/cdn.bomsolutions.ch\/\/2023\/04\/huni.png\" srcset=\"https:\/\/cdn.bomsolutions.ch\/\/2023\/04\/huni.png 200w,https:\/\/cdn.bomsolutions.ch\/\/2023\/04\/huni.png 200w,https:\/\/cdn.bomsolutions.ch\/\/2023\/04\/huni.png 200w,https:\/\/cdn.bomsolutions.ch\/\/2023\/04\/huni.png 200w\" sizes=\"(max-width: 200px) 100vw, 200px\" width=\"200\" height=\"80\" alt=\"huni\" \/><\/div><\/div><div class=\"owl-slider nav-light\" data-nav=\"0\" data-dots=\"0\" data-loop=\"0\" data-autoplay=\"0\"><div><img decoding=\"async\" src=\"https:\/\/cdn.bomsolutions.ch\/\/2023\/04\/bandara-1.png\" srcset=\"https:\/\/cdn.bomsolutions.ch\/\/2023\/04\/bandara-1.png 200w,https:\/\/cdn.bomsolutions.ch\/\/2023\/04\/bandara-1.png 200w,https:\/\/cdn.bomsolutions.ch\/\/2023\/04\/bandara-1.png 200w,https:\/\/cdn.bomsolutions.ch\/\/2023\/04\/bandara-1.png 200w\" sizes=\"(max-width: 200px) 100vw, 200px\" width=\"200\" height=\"80\" alt=\"bandara (1)\" \/><\/div><\/div><\/div><div  class=\"column one-fourth last-col  no-anim\" ><div class=\"owl-slider nav-light\" data-nav=\"0\" data-dots=\"0\" data-loop=\"0\" data-autoplay=\"0\"><div><img decoding=\"async\" src=\"https:\/\/cdn.bomsolutions.ch\/\/2023\/04\/juerry.png\" srcset=\"https:\/\/cdn.bomsolutions.ch\/\/2023\/04\/juerry.png 200w,https:\/\/cdn.bomsolutions.ch\/\/2023\/04\/juerry.png 200w,https:\/\/cdn.bomsolutions.ch\/\/2023\/04\/juerry.png 200w,https:\/\/cdn.bomsolutions.ch\/\/2023\/04\/juerry.png 200w\" sizes=\"(max-width: 200px) 100vw, 200px\" width=\"200\" height=\"80\" alt=\"juerry\" \/><\/div><\/div><div class=\"owl-slider nav-light\" data-nav=\"0\" data-dots=\"0\" data-loop=\"0\" data-autoplay=\"0\"><div><img decoding=\"async\" src=\"https:\/\/cdn.bomsolutions.ch\/\/2023\/04\/piega.png\" srcset=\"https:\/\/cdn.bomsolutions.ch\/\/2023\/04\/piega.png 200w,https:\/\/cdn.bomsolutions.ch\/\/2023\/04\/piega.png 200w,https:\/\/cdn.bomsolutions.ch\/\/2023\/04\/piega.png 200w,https:\/\/cdn.bomsolutions.ch\/\/2023\/04\/piega.png 200w\" sizes=\"(max-width: 200px) 100vw, 200px\" width=\"200\" height=\"80\" alt=\"piega\" \/><\/div><\/div><div class=\"owl-slider nav-light\" data-nav=\"0\" data-dots=\"0\" data-loop=\"0\" data-autoplay=\"0\"><div><img decoding=\"async\" src=\"https:\/\/cdn.bomsolutions.ch\/\/2023\/04\/onyx-1.png\" srcset=\"https:\/\/cdn.bomsolutions.ch\/\/2023\/04\/onyx-1.png 200w,https:\/\/cdn.bomsolutions.ch\/\/2023\/04\/onyx-1.png 200w,https:\/\/cdn.bomsolutions.ch\/\/2023\/04\/onyx-1.png 200w,https:\/\/cdn.bomsolutions.ch\/\/2023\/04\/onyx-1.png 200w\" sizes=\"(max-width: 200px) 100vw, 200px\" width=\"200\" height=\"80\" alt=\"onyx (1)\" \/><\/div><\/div><div class=\"owl-slider nav-light\" data-nav=\"0\" data-dots=\"0\" data-loop=\"0\" data-autoplay=\"0\"><div><img decoding=\"async\" src=\"https:\/\/cdn.bomsolutions.ch\/\/2023\/04\/amm.png\" srcset=\"https:\/\/cdn.bomsolutions.ch\/\/2023\/04\/amm.png 200w,https:\/\/cdn.bomsolutions.ch\/\/2023\/04\/amm.png 200w,https:\/\/cdn.bomsolutions.ch\/\/2023\/04\/amm.png 200w,https:\/\/cdn.bomsolutions.ch\/\/2023\/04\/amm.png 200w\" sizes=\"(max-width: 200px) 100vw, 200px\" width=\"200\" height=\"80\" alt=\"amm\" \/><\/div><\/div><\/div><\/div><\/div><div class=\"spacer spacer-medium \"><\/div><div class=\"no-wrapper\"><div id=\"\" class=\"column-section clearfix spaced-none services-two no-anim\"><div  class=\"column one-half   no-anim\" ><a href=\"https:\/\/www.bomsolutions.ch\/augmented-reality\/\" target=\"_self\" class=\"thumb-hover scale  imagebutton\">\n\t\t\t<img decoding=\"async\" src=\"https:\/\/cdn.bomsolutions.ch\/\/2023\/04\/v2-ar-crop.png\" alt=\"\">\n\t\t\t\n\t\t\t<div class=\"overlay-caption bottom align-left caption-light\">\n\t\t\t\t<div class=\"caption-name h3\"><span><\/span><\/div>\n\t\t\t<\/div><\/a>\n<div class=\"new-service\">\n<h2 class=\"text11\">ERWEITERTE REALIT\u00c4T<\/h2>\n<h4 class=\"text22\">Vom Konzept zur Kreation<\/h4>\n<hr class=\"line\" style=\"background-color: #fa7d04; border-color: #fa7d04;\">\n<\/div>\n<\/div><div  class=\"column one-half last-col  no-anim\" ><a href=\"https:\/\/www.bomsolutions.ch\/virtual-reality\/\" target=\"_self\" class=\"thumb-hover scale  imagebutton\">\n\t\t\t<img decoding=\"async\" src=\"https:\/\/cdn.bomsolutions.ch\/\/2023\/04\/v2-vr-crop.png\" alt=\"\">\n\t\t\t\n\t\t\t<div class=\"overlay-caption bottom align-left caption-light\">\n\t\t\t\t<div class=\"caption-name h3\"><span><\/span><\/div>\n\t\t\t<\/div><\/a>\n<div class=\"new-service\">\n<h2 class=\"text11\">VIRTUELLE REALIT\u00c4T<\/h2>\n<h4 class=\"text22\">Unvergessliche Erlebnisse schaffen<\/h4>\n<hr class=\"line\" style=\"background-color: #4d3dcc; border-color: #4d3dcc;\">\n<\/div>\n<\/div><\/div><\/div><div class=\"no-wrapper\"><div id=\"\" class=\"column-section clearfix spaced-normal newsletter no-anim\"><div  class=\"column one-full last-col  no-anim\" >\n<h2>Abonnieren Sie unseren Newsletter.<\/h2>\n<table class=\"wp-list-table widefat fixed striped table-view-list forms\">\n<tbody id=\"the-list\" data-wp-lists=\"list:form\">\n<tr>\n<td class=\"shortcode column-shortcode\" data-colname=\"Shortcode\"><div class=\"wpforms-container wpforms-container-full wpforms-render-modern\" id=\"wpforms-6211\"><form id=\"wpforms-form-6211\" class=\"wpforms-validate wpforms-form wpforms-ajax-form\" data-formid=\"6211\" method=\"post\" enctype=\"multipart\/form-data\" action=\"\/de\/wp-json\/wp\/v2\/pages\/11138\" data-token=\"66bfdd6449e95e42738c9fac5f3a93b5\"><noscript class=\"wpforms-error-noscript\">Bitte aktiviere JavaScript in deinem Browser, um dieses Formular fertigzustellen.<\/noscript><div class=\"wpforms-hidden\" id=\"wpforms-error-noscript\">Bitte aktiviere JavaScript in deinem Browser, um dieses Formular fertigzustellen.<\/div><div class=\"wpforms-field-container\"><div id=\"wpforms-6211-field_1-container\" class=\"wpforms-field wpforms-field-email\" data-field-id=\"1\"><label class=\"wpforms-field-label\" for=\"wpforms-6211-field_1\">Email <span class=\"wpforms-required-label\" aria-hidden=\"true\">*<\/span><\/label><input type=\"email\" id=\"wpforms-6211-field_1\" class=\"wpforms-field-medium wpforms-field-required\" name=\"wpforms[fields][1]\" spellcheck=\"false\" aria-errormessage=\"wpforms-6211-field_1-error\" required><\/div><\/div><!-- .wpforms-field-container --><div class=\"wpforms-submit-container\" ><input type=\"hidden\" name=\"wpforms[id]\" value=\"6211\"><input type=\"hidden\" name=\"wpforms[author]\" value=\"4\"><button type=\"submit\" name=\"wpforms[submit]\" id=\"wpforms-submit-6211\" class=\"wpforms-submit\" data-alt-text=\"Sending...\" data-submit-text=\"Submit\" aria-live=\"assertive\" value=\"wpforms-submit\">Submit<\/button><img decoding=\"async\" src=\"https:\/\/www.bomsolutions.ch\/wp-content\/plugins\/wpforms-lite\/assets\/images\/submit-spin.svg\" class=\"wpforms-submit-spinner\" style=\"display: none;\" width=\"26\" height=\"26\" alt=\"Wird geladen\"><\/div><\/form><\/div>  <!-- .wpforms-container --><\/td>\n<\/tr>\n<\/tbody>\n<\/table>\n<\/div><\/div><\/div>\n","protected":false},"excerpt":{"rendered":"","protected":false},"author":4,"featured_media":0,"parent":0,"menu_order":0,"comment_status":"closed","ping_status":"closed","template":"","meta":{"_vp_format_video_url":"","_vp_image_focal_point":[],"footnotes":""},"class_list":["post-11138","page","type-page","status-publish","hentry","isotope-item"],"yoast_head":"<!-- This site is optimized with the Yoast SEO plugin v20.12 - https:\/\/yoast.com\/wordpress\/plugins\/seo\/ -->\r\n<title>3D-Animation \/ Interaktiv - BOM Solutions<\/title>\r\n<meta name=\"description\" content=\"3D-Design und -Animation bieten ein einzigartiges und fesselndes Erlebnis. Es ist die M\u00f6glichkeit, mit der digitalen Welt zu interagieren.\" \/>\r\n<meta name=\"robots\" content=\"index, follow, max-snippet:-1, max-image-preview:large, max-video-preview:-1\" \/>\r\n<link rel=\"canonical\" href=\"https:\/\/www.bomsolutions.ch\/de\/3d-animation-interaktiv\/\" \/>\r\n<meta property=\"og:locale\" content=\"de_DE\" \/>\r\n<meta property=\"og:type\" content=\"article\" \/>\r\n<meta property=\"og:title\" content=\"3D-Animation \/ Interaktiv - BOM Solutions\" \/>\r\n<meta property=\"og:description\" content=\"3D-Design und -Animation bieten ein einzigartiges und fesselndes Erlebnis. Es ist die M\u00f6glichkeit, mit der digitalen Welt zu interagieren.\" \/>\r\n<meta property=\"og:url\" content=\"https:\/\/www.bomsolutions.ch\/de\/3d-animation-interaktiv\/\" \/>\r\n<meta property=\"og:site_name\" content=\"BOM Solutions\" \/>\r\n<meta property=\"article:publisher\" content=\"https:\/\/www.facebook.com\/bomsolutions\/\" \/>\r\n<meta property=\"article:modified_time\" content=\"2024-08-13T10:13:03+00:00\" \/>\r\n<meta name=\"twitter:card\" content=\"summary_large_image\" \/>\r\n<meta name=\"twitter:label1\" content=\"Gesch\u00e4tzte Lesezeit\" \/>\n\t<meta name=\"twitter:data1\" content=\"4\u00a0Minuten\" \/>\r\n<!-- \/ Yoast SEO plugin. -->","yoast_head_json":{"title":"3D-Animation \/ Interaktiv - BOM Solutions","description":"3D-Design und -Animation bieten ein einzigartiges und fesselndes Erlebnis. Es ist die M\u00f6glichkeit, mit der digitalen Welt zu interagieren.","robots":{"index":"index","follow":"follow","max-snippet":"max-snippet:-1","max-image-preview":"max-image-preview:large","max-video-preview":"max-video-preview:-1"},"canonical":"https:\/\/www.bomsolutions.ch\/de\/3d-animation-interaktiv\/","og_locale":"de_DE","og_type":"article","og_title":"3D-Animation \/ Interaktiv - BOM Solutions","og_description":"3D-Design und -Animation bieten ein einzigartiges und fesselndes Erlebnis. Es ist die M\u00f6glichkeit, mit der digitalen Welt zu interagieren.","og_url":"https:\/\/www.bomsolutions.ch\/de\/3d-animation-interaktiv\/","og_site_name":"BOM Solutions","article_publisher":"https:\/\/www.facebook.com\/bomsolutions\/","article_modified_time":"2024-08-13T10:13:03+00:00","twitter_card":"summary_large_image","twitter_misc":{"Gesch\u00e4tzte Lesezeit":"4\u00a0Minuten"},"schema":{"@context":"https:\/\/schema.org","@graph":[{"@type":"WebPage","@id":"https:\/\/www.bomsolutions.ch\/de\/3d-animation-interaktiv\/","url":"https:\/\/www.bomsolutions.ch\/de\/3d-animation-interaktiv\/","name":"3D-Animation \/ Interaktiv - BOM Solutions","isPartOf":{"@id":"https:\/\/www.bomsolutions.ch\/de\/#website"},"datePublished":"2023-04-06T09:43:41+00:00","dateModified":"2024-08-13T10:13:03+00:00","description":"3D-Design und -Animation bieten ein einzigartiges und fesselndes Erlebnis. Es ist die M\u00f6glichkeit, mit der digitalen Welt zu interagieren.","breadcrumb":{"@id":"https:\/\/www.bomsolutions.ch\/de\/3d-animation-interaktiv\/#breadcrumb"},"inLanguage":"de","potentialAction":[{"@type":"ReadAction","target":["https:\/\/www.bomsolutions.ch\/de\/3d-animation-interaktiv\/"]}]},{"@type":"BreadcrumbList","@id":"https:\/\/www.bomsolutions.ch\/de\/3d-animation-interaktiv\/#breadcrumb","itemListElement":[{"@type":"ListItem","position":1,"name":"Home","item":"https:\/\/www.bomsolutions.ch\/de\/"},{"@type":"ListItem","position":2,"name":"3D-Animation \/ Interaktiv"}]},{"@type":"WebSite","@id":"https:\/\/www.bomsolutions.ch\/de\/#website","url":"https:\/\/www.bomsolutions.ch\/de\/","name":"BOM Solutions","description":"Innovation Technic Design","publisher":{"@id":"https:\/\/www.bomsolutions.ch\/de\/#organization"},"potentialAction":[{"@type":"SearchAction","target":{"@type":"EntryPoint","urlTemplate":"https:\/\/www.bomsolutions.ch\/de\/?s={search_term_string}"},"query-input":"required name=search_term_string"}],"inLanguage":"de"},{"@type":"Organization","@id":"https:\/\/www.bomsolutions.ch\/de\/#organization","name":"BOM Solutions","url":"https:\/\/www.bomsolutions.ch\/de\/","logo":{"@type":"ImageObject","inLanguage":"de","@id":"https:\/\/www.bomsolutions.ch\/de\/#\/schema\/logo\/image\/","url":"https:\/\/cdn.bomsolutions.ch\/\/2022\/07\/bom-solutions-logo-black-300x120-1.png","contentUrl":"https:\/\/cdn.bomsolutions.ch\/\/2022\/07\/bom-solutions-logo-black-300x120-1.png","width":300,"height":120,"caption":"BOM Solutions"},"image":{"@id":"https:\/\/www.bomsolutions.ch\/de\/#\/schema\/logo\/image\/"},"sameAs":["https:\/\/www.facebook.com\/bomsolutions\/","https:\/\/www.instagram.com\/bomsolutions\/","https:\/\/www.linkedin.com\/company\/bom-solutions\/","https:\/\/www.youtube.com\/channel\/UC7QX0WdGEp2ncfeWGJ4XdkA"]}]}},"_links":{"self":[{"href":"https:\/\/www.bomsolutions.ch\/de\/wp-json\/wp\/v2\/pages\/11138","targetHints":{"allow":["GET"]}}],"collection":[{"href":"https:\/\/www.bomsolutions.ch\/de\/wp-json\/wp\/v2\/pages"}],"about":[{"href":"https:\/\/www.bomsolutions.ch\/de\/wp-json\/wp\/v2\/types\/page"}],"author":[{"embeddable":true,"href":"https:\/\/www.bomsolutions.ch\/de\/wp-json\/wp\/v2\/users\/4"}],"replies":[{"embeddable":true,"href":"https:\/\/www.bomsolutions.ch\/de\/wp-json\/wp\/v2\/comments?post=11138"}],"version-history":[{"count":1,"href":"https:\/\/www.bomsolutions.ch\/de\/wp-json\/wp\/v2\/pages\/11138\/revisions"}],"predecessor-version":[{"id":11139,"href":"https:\/\/www.bomsolutions.ch\/de\/wp-json\/wp\/v2\/pages\/11138\/revisions\/11139"}],"wp:attachment":[{"href":"https:\/\/www.bomsolutions.ch\/de\/wp-json\/wp\/v2\/media?parent=11138"}],"curies":[{"name":"wp","href":"https:\/\/api.w.org\/{rel}","templated":true}]}}